{"id":1152,"date":"2022-06-01T01:17:44","date_gmt":"2022-05-31T23:17:44","guid":{"rendered":"https:\/\/regardsdugrandparis.fr\/exposition\/"},"modified":"2022-07-01T13:04:08","modified_gmt":"2022-07-01T11:04:08","slug":"exposition","status":"publish","type":"page","link":"https:\/\/regardsdugrandparis.fr\/en\/exposition\/","title":{"rendered":"Exposition"},"content":{"rendered":"\n<p>Fruit d\u2019une collaboration entre les Ateliers M\u00e9dicis, le Centre national des arts plastiques (Cnap), les Magasins g\u00e9n\u00e9raux, la Soci\u00e9t\u00e9 du Grand Paris et le mus\u00e9e Carnavalet &#8211; Histoire de Paris, l\u2019exposition Regards du Grand Paris rassemble les \u0153uvres des artistes ayant particip\u00e9 aux cinq premi\u00e8res ann\u00e9es (2016 \u00e0 2021) de la commande photographique du m\u00eame nom, confi\u00e9e par le minist\u00e8re de la Culture aux Ateliers M\u00e9dicis en partenariat avec le Cnap.<\/p>\n\n<p>L\u2019exposition d\u00e9voile ces \u0153uvres pour la premi\u00e8re fois au public et entend \u00e9galement revenir vers les territoires qui ont vu na\u00eetre ces images.<\/p>\n\n<hr class=\"wp-block-separator has-alpha-channel-opacity\"\/>\n\n<p>Le Grand Paris est un territoire aux contours incertains et \u00e0 l\u2019identit\u00e9 composite. \u00c0 travers des \u00e9critures photographiques ancr\u00e9es dans le r\u00e9el et port\u00e9es par une nouvelle g\u00e9n\u00e9ration d\u2019artistes, cette exposition partage un r\u00e9cit de cette ville-monde et la r\u00e9v\u00e8le, en explorant son histoire, son actualit\u00e9, son futur, son quotidien, son d\u00e9veloppement, ses zones d\u2019ombre et de lumi\u00e8re.<\/p>\n\n<p>Outre l\u2019exposition aux Magasins g\u00e9n\u00e9raux \u00e0 Pantin, regroupant des \u0153uvres des trente-huit artistes ayant particip\u00e9 \u00e0 la commande, les images des Regards du Grand Paris apparaissent \u00e9galement dans d\u2019autres lieux culturels, au sein des stations de m\u00e9tro, le long des lignes de transports, dans les a\u00e9roports et sur les palissades des chantiers des futures stations du m\u00e9tro du Grand Paris Express gr\u00e2ce aux partenaires, et notamment les acteurs de la mobilit\u00e9 et des transports qui participent \u00e0 remodeler cette m\u00e9tropole.<\/p>\n\n<p>En rassemblant et en croisant les regards des artistes photographes, cette commande nationale propose une vision artistique exigeante et multiple, adress\u00e9e aux habitantes et habitants du Grand Paris, et \u00e0 toutes celles et ceux qui s\u2019int\u00e9ressent aux mutations de la ville, des modes de vie et \u00e0 la photographie contemporaine.<\/p>\n\n<p>L\u2019\u00e9quipe curatoriale associe des regards transversaux et compl\u00e9mentaires, qui entrent en dialogue, \u00e0 travers l\u2019\u00e9criture de textes in\u00e9dits, avec les artistes et les \u0153uvres pour prolonger et amplifier les r\u00e9flexions initi\u00e9es par l\u2019exposition.<\/p>\n\n<hr class=\"wp-block-separator has-alpha-channel-opacity\"\/>\n\n<h3 class=\"wp-block-heading\">L\u2019\u00e9quipe curatoriale<\/h3>\n\n<ul class=\"wp-block-list\"><li><strong>Pascal Beausse<\/strong>, responsable de la collection photographie du Centre national des arts plastiques (Cnap)<\/li><li><strong>Cl\u00e9ment Postec<\/strong>, conseiller arts visuels et prospective des Ateliers M\u00e9dicis<\/li><li><strong>Anna Labouze &amp; Keimis Henni<\/strong>, directeurs artistiques des Magasins g\u00e9n\u00e9raux<\/li><\/ul>\n<hr class=\"wp-block-separator has-alpha-channel-opacity\"\/>\n\n<h3 class=\"wp-block-heading\">Les regards associ\u00e9s<\/h3>\n\n<ul class=\"wp-block-list\"><li><strong>Romain Bertrand<\/strong>, historien<\/li><li><strong>Meriem Chabani<\/strong>, architecte <\/li><li><strong>Emanuele Coccia<\/strong>, philosopher<\/li><li><strong>Kaoutar Harchi<\/strong>, writer and sociolog<\/li><li><strong>Fr\u00e9d\u00e9rique A\u00eft-Touati<\/strong>, historian, <strong>Alexandra Ar\u00e8nes<\/strong>, architect, and <strong>Axelle Gr\u00e9goire<\/strong>, architect<\/li><\/ul>","protected":false},"excerpt":{"rendered":"<p>Fruit d\u2019une collaboration entre les Ateliers M\u00e9dicis, le Centre national des arts plastiques (Cnap), les Magasins g\u00e9n\u00e9raux, la Soci\u00e9t\u00e9 du Grand Paris et le mus\u00e9e Carnavalet &#8211; Histoire de Paris, l\u2019exposition Regards du Grand Paris rassemble les \u0153uvres des artistes ayant particip\u00e9 aux cinq premi\u00e8res ann\u00e9es (2016 \u00e0 2021) de la commande photographique du m\u00eame [&hellip;]<\/p>\n","protected":false},"author":3,"featured_media":0,"parent":0,"menu_order":0,"comment_status":"closed","ping_status":"closed","template":"","meta":{"footnotes":""},"class_list":["post-1152","page","type-page","status-publish","hentry","missing-thumbnail"],"yoast_head":"<!-- This site is optimized with the Yoast SEO plugin v22.0 - https:\/\/yoast.com\/wordpress\/plugins\/seo\/ -->\n<title>Exposition &#8212; Regards du Grand Paris<\/title>\n<meta name=\"robots\" content=\"index, follow, max-snippet:-1, max-image-preview:large, max-video-preview:-1\" \/>\n<link rel=\"canonical\" href=\"https:\/\/regardsdugrandparis.fr\/en\/exposition\/\" \/>\n<meta property=\"og:locale\" content=\"en_US\" \/>\n<meta property=\"og:type\" content=\"article\" \/>\n<meta property=\"og:title\" content=\"Exposition &#8212; Regards du Grand Paris\" \/>\n<meta property=\"og:description\" content=\"Fruit d\u2019une collaboration entre les Ateliers M\u00e9dicis, le Centre national des arts plastiques (Cnap), les Magasins g\u00e9n\u00e9raux, la Soci\u00e9t\u00e9 du Grand Paris et le mus\u00e9e Carnavalet &#8211; Histoire de Paris, l\u2019exposition Regards du Grand Paris rassemble les \u0153uvres des artistes ayant particip\u00e9 aux cinq premi\u00e8res ann\u00e9es (2016 \u00e0 2021) de la commande photographique du m\u00eame [&hellip;]\" \/>\n<meta property=\"og:url\" content=\"https:\/\/regardsdugrandparis.fr\/en\/exposition\/\" \/>\n<meta property=\"og:site_name\" content=\"Regards du Grand Paris\" \/>\n<meta property=\"article:modified_time\" content=\"2022-07-01T11:04:08+00:00\" \/>\n<meta name=\"twitter:card\" content=\"summary_large_image\" \/>\n<script type=\"application\/ld+json\" class=\"yoast-schema-graph\">{\"@context\":\"https:\/\/schema.org\",\"@graph\":[{\"@type\":\"WebPage\",\"@id\":\"https:\/\/regardsdugrandparis.fr\/en\/exposition\/\",\"url\":\"https:\/\/regardsdugrandparis.fr\/en\/exposition\/\",\"name\":\"Exposition &#8212; Regards du Grand Paris\",\"isPartOf\":{\"@id\":\"https:\/\/regardsdugrandparis.fr\/en\/#website\"},\"datePublished\":\"2022-05-31T23:17:44+00:00\",\"dateModified\":\"2022-07-01T11:04:08+00:00\",\"breadcrumb\":{\"@id\":\"https:\/\/regardsdugrandparis.fr\/en\/exposition\/#breadcrumb\"},\"inLanguage\":\"en-US\",\"potentialAction\":[{\"@type\":\"ReadAction\",\"target\":[\"https:\/\/regardsdugrandparis.fr\/en\/exposition\/\"]}]},{\"@type\":\"BreadcrumbList\",\"@id\":\"https:\/\/regardsdugrandparis.fr\/en\/exposition\/#breadcrumb\",\"itemListElement\":[{\"@type\":\"ListItem\",\"position\":1,\"name\":\"Accueil\",\"item\":\"https:\/\/regardsdugrandparis.fr\/en\/home\/\"},{\"@type\":\"ListItem\",\"position\":2,\"name\":\"Exposition\"}]},{\"@type\":\"WebSite\",\"@id\":\"https:\/\/regardsdugrandparis.fr\/en\/#website\",\"url\":\"https:\/\/regardsdugrandparis.fr\/en\/\",\"name\":\"Regards du Grand Paris\",\"description\":\"Du 24 juin au 23 octobre 2022\",\"potentialAction\":[{\"@type\":\"SearchAction\",\"target\":{\"@type\":\"EntryPoint\",\"urlTemplate\":\"https:\/\/regardsdugrandparis.fr\/en\/?s={search_term_string}\"},\"query-input\":\"required name=search_term_string\"}],\"inLanguage\":\"en-US\"}]}<\/script>\n<!-- \/ Yoast SEO plugin. -->","yoast_head_json":{"title":"Exposition &#8212; Regards du Grand Paris","robots":{"index":"index","follow":"follow","max-snippet":"max-snippet:-1","max-image-preview":"max-image-preview:large","max-video-preview":"max-video-preview:-1"},"canonical":"https:\/\/regardsdugrandparis.fr\/en\/exposition\/","og_locale":"en_US","og_type":"article","og_title":"Exposition &#8212; Regards du Grand Paris","og_description":"Fruit d\u2019une collaboration entre les Ateliers M\u00e9dicis, le Centre national des arts plastiques (Cnap), les Magasins g\u00e9n\u00e9raux, la Soci\u00e9t\u00e9 du Grand Paris et le mus\u00e9e Carnavalet &#8211; Histoire de Paris, l\u2019exposition Regards du Grand Paris rassemble les \u0153uvres des artistes ayant particip\u00e9 aux cinq premi\u00e8res ann\u00e9es (2016 \u00e0 2021) de la commande photographique du m\u00eame [&hellip;]","og_url":"https:\/\/regardsdugrandparis.fr\/en\/exposition\/","og_site_name":"Regards du Grand Paris","article_modified_time":"2022-07-01T11:04:08+00:00","twitter_card":"summary_large_image","schema":{"@context":"https:\/\/schema.org","@graph":[{"@type":"WebPage","@id":"https:\/\/regardsdugrandparis.fr\/en\/exposition\/","url":"https:\/\/regardsdugrandparis.fr\/en\/exposition\/","name":"Exposition &#8212; Regards du Grand Paris","isPartOf":{"@id":"https:\/\/regardsdugrandparis.fr\/en\/#website"},"datePublished":"2022-05-31T23:17:44+00:00","dateModified":"2022-07-01T11:04:08+00:00","breadcrumb":{"@id":"https:\/\/regardsdugrandparis.fr\/en\/exposition\/#breadcrumb"},"inLanguage":"en-US","potentialAction":[{"@type":"ReadAction","target":["https:\/\/regardsdugrandparis.fr\/en\/exposition\/"]}]},{"@type":"BreadcrumbList","@id":"https:\/\/regardsdugrandparis.fr\/en\/exposition\/#breadcrumb","itemListElement":[{"@type":"ListItem","position":1,"name":"Accueil","item":"https:\/\/regardsdugrandparis.fr\/en\/home\/"},{"@type":"ListItem","position":2,"name":"Exposition"}]},{"@type":"WebSite","@id":"https:\/\/regardsdugrandparis.fr\/en\/#website","url":"https:\/\/regardsdugrandparis.fr\/en\/","name":"Regards du Grand Paris","description":"Du 24 juin au 23 octobre 2022","potentialAction":[{"@type":"SearchAction","target":{"@type":"EntryPoint","urlTemplate":"https:\/\/regardsdugrandparis.fr\/en\/?s={search_term_string}"},"query-input":"required name=search_term_string"}],"inLanguage":"en-US"}]}},"_links":{"self":[{"href":"https:\/\/regardsdugrandparis.fr\/en\/wp-json\/wp\/v2\/pages\/1152","targetHints":{"allow":["GET"]}}],"collection":[{"href":"https:\/\/regardsdugrandparis.fr\/en\/wp-json\/wp\/v2\/pages"}],"about":[{"href":"https:\/\/regardsdugrandparis.fr\/en\/wp-json\/wp\/v2\/types\/page"}],"author":[{"embeddable":true,"href":"https:\/\/regardsdugrandparis.fr\/en\/wp-json\/wp\/v2\/users\/3"}],"replies":[{"embeddable":true,"href":"https:\/\/regardsdugrandparis.fr\/en\/wp-json\/wp\/v2\/comments?post=1152"}],"version-history":[{"count":6,"href":"https:\/\/regardsdugrandparis.fr\/en\/wp-json\/wp\/v2\/pages\/1152\/revisions"}],"predecessor-version":[{"id":1363,"href":"https:\/\/regardsdugrandparis.fr\/en\/wp-json\/wp\/v2\/pages\/1152\/revisions\/1363"}],"wp:attachment":[{"href":"https:\/\/regardsdugrandparis.fr\/en\/wp-json\/wp\/v2\/media?parent=1152"}],"curies":[{"name":"wp","href":"https:\/\/api.w.org\/{rel}","templated":true}]}}