{"id":1240,"date":"2022-04-24T18:39:56","date_gmt":"2022-04-24T16:39:56","guid":{"rendered":"https:\/\/regardsdugrandparis.fr\/exposition\/grand-paris\/"},"modified":"2024-02-14T12:37:09","modified_gmt":"2024-02-14T11:37:09","slug":"grand-paris","status":"publish","type":"page","link":"https:\/\/regardsdugrandparis.fr\/en\/exposition\/grand-paris\/","title":{"rendered":"Grand Paris"},"content":{"rendered":"\n<p>The exhibition <em>Regards du Grand Paris<\/em> is spread over thirty-eight different locations around the \u00cele-de-France region, near those who live and work in what is called &#8216;le Grand Paris&#8217;.<\/p>\n\n\n\n<p>First, the images are visible on the fencing surrounding the fifteen construction sites for the stations in the new upcoming automated metro system, the <strong>Grand Paris Express<\/strong>.<\/p>\n\n\n\n<p>This presentation offers the residents the possibility of seeing a selection of the first five years of the official commission for the exhibition called <em>Regards du Grand Paris<\/em>.<\/p>\n\n\n\n<p>It begins and ends in Clichy\/ Montfermeil, and can be experienced chronologically, separately, or following a particular route. Following along the future 15 and 16 lines of the Grand Paris Express is a great tour of Paris which travels through a number of small cities.<\/p>\n\n\n\n<p>Images from this exhibition will also appear on certain buildings, those of the <strong>Ateliers M\u00e9dicis<\/strong>, the famous museum the <strong>Centre Pompidou<\/strong>, the <strong>Centre national de la danse<\/strong>, the <strong>Station &#8211; Gare des mines<\/strong>, on the grillwork on the <strong>H\u00f4tel de Ville de Paris<\/strong>, on the grillwork of the <strong>pont Saint- Ange<\/strong>, on the grillwork of the <strong>Grand Parquet<\/strong>, inside the <strong>pavilion <\/strong>of the<strong> M\u00e9tropole du Grand Paris <\/strong>for its architecture and landscape Biennial in Versailles (BAP!), at the <strong>Biblioth\u00e8que publique d\u2019information<\/strong>, in the <strong>Maisons de l\u2019environnement et du d\u00e9veloppement durable des a\u00e9roports Paris-Charles de Gaulle et Paris-Orly, <\/strong>as well as inside nine <strong>metro <\/strong>and <strong>RER <\/strong>stations (H\u00f4tel de Ville, Champs-\u00c9lys\u00e9es \u2014 Clemenceau, Madeleine, La Chapelle \u2014 Gare du Nord, Saint-Denis \u2014 Porte de Paris, Pyramides, Gare de Lyon, Nation and Nogent-sur-Marne).<\/p>\n","protected":false},"excerpt":{"rendered":"<p>The exhibition Regards du Grand Paris is spread over thirty-eight different locations around the \u00cele-de-France region, near those who live and work in what is called &#8216;le Grand Paris&#8217;. First, the images are visible on the fencing surrounding the fifteen construction sites for the stations in the new upcoming automated metro system, the Grand Paris [&hellip;]<\/p>\n","protected":false},"author":3,"featured_media":0,"parent":1152,"menu_order":0,"comment_status":"closed","ping_status":"closed","template":"","meta":{"footnotes":""},"class_list":["post-1240","page","type-page","status-publish","hentry","missing-thumbnail"],"yoast_head":"<!-- This site is optimized with the Yoast SEO plugin v22.0 - https:\/\/yoast.com\/wordpress\/plugins\/seo\/ -->\n<title>Grand Paris &#8212; Regards du Grand Paris<\/title>\n<meta name=\"robots\" content=\"index, follow, max-snippet:-1, max-image-preview:large, max-video-preview:-1\" \/>\n<link rel=\"canonical\" href=\"https:\/\/regardsdugrandparis.fr\/en\/exposition\/grand-paris\/\" \/>\n<meta property=\"og:locale\" content=\"en_US\" \/>\n<meta property=\"og:type\" content=\"article\" \/>\n<meta property=\"og:title\" content=\"Grand Paris &#8212; Regards du Grand Paris\" \/>\n<meta property=\"og:description\" content=\"The exhibition Regards du Grand Paris is spread over thirty-eight different locations around the \u00cele-de-France region, near those who live and work in what is called &#8216;le Grand Paris&#8217;. First, the images are visible on the fencing surrounding the fifteen construction sites for the stations in the new upcoming automated metro system, the Grand Paris [&hellip;]\" \/>\n<meta property=\"og:url\" content=\"https:\/\/regardsdugrandparis.fr\/en\/exposition\/grand-paris\/\" \/>\n<meta property=\"og:site_name\" content=\"Regards du Grand Paris\" \/>\n<meta property=\"article:modified_time\" content=\"2024-02-14T11:37:09+00:00\" \/>\n<meta name=\"twitter:card\" content=\"summary_large_image\" \/>\n<script type=\"application\/ld+json\" class=\"yoast-schema-graph\">{\"@context\":\"https:\/\/schema.org\",\"@graph\":[{\"@type\":\"WebPage\",\"@id\":\"https:\/\/regardsdugrandparis.fr\/en\/exposition\/grand-paris\/\",\"url\":\"https:\/\/regardsdugrandparis.fr\/en\/exposition\/grand-paris\/\",\"name\":\"Grand Paris &#8212; Regards du Grand Paris\",\"isPartOf\":{\"@id\":\"https:\/\/regardsdugrandparis.fr\/en\/#website\"},\"datePublished\":\"2022-04-24T16:39:56+00:00\",\"dateModified\":\"2024-02-14T11:37:09+00:00\",\"breadcrumb\":{\"@id\":\"https:\/\/regardsdugrandparis.fr\/en\/exposition\/grand-paris\/#breadcrumb\"},\"inLanguage\":\"en-US\",\"potentialAction\":[{\"@type\":\"ReadAction\",\"target\":[\"https:\/\/regardsdugrandparis.fr\/en\/exposition\/grand-paris\/\"]}]},{\"@type\":\"BreadcrumbList\",\"@id\":\"https:\/\/regardsdugrandparis.fr\/en\/exposition\/grand-paris\/#breadcrumb\",\"itemListElement\":[{\"@type\":\"ListItem\",\"position\":1,\"name\":\"Accueil\",\"item\":\"https:\/\/regardsdugrandparis.fr\/en\/home\/\"},{\"@type\":\"ListItem\",\"position\":2,\"name\":\"Exposition\",\"item\":\"https:\/\/regardsdugrandparis.fr\/en\/exposition\/\"},{\"@type\":\"ListItem\",\"position\":3,\"name\":\"Grand Paris\"}]},{\"@type\":\"WebSite\",\"@id\":\"https:\/\/regardsdugrandparis.fr\/en\/#website\",\"url\":\"https:\/\/regardsdugrandparis.fr\/en\/\",\"name\":\"Regards du Grand Paris\",\"description\":\"Du 24 juin au 23 octobre 2022\",\"potentialAction\":[{\"@type\":\"SearchAction\",\"target\":{\"@type\":\"EntryPoint\",\"urlTemplate\":\"https:\/\/regardsdugrandparis.fr\/en\/?s={search_term_string}\"},\"query-input\":\"required name=search_term_string\"}],\"inLanguage\":\"en-US\"}]}<\/script>\n<!-- \/ Yoast SEO plugin. -->","yoast_head_json":{"title":"Grand Paris &#8212; Regards du Grand Paris","robots":{"index":"index","follow":"follow","max-snippet":"max-snippet:-1","max-image-preview":"max-image-preview:large","max-video-preview":"max-video-preview:-1"},"canonical":"https:\/\/regardsdugrandparis.fr\/en\/exposition\/grand-paris\/","og_locale":"en_US","og_type":"article","og_title":"Grand Paris &#8212; Regards du Grand Paris","og_description":"The exhibition Regards du Grand Paris is spread over thirty-eight different locations around the \u00cele-de-France region, near those who live and work in what is called &#8216;le Grand Paris&#8217;. First, the images are visible on the fencing surrounding the fifteen construction sites for the stations in the new upcoming automated metro system, the Grand Paris [&hellip;]","og_url":"https:\/\/regardsdugrandparis.fr\/en\/exposition\/grand-paris\/","og_site_name":"Regards du Grand Paris","article_modified_time":"2024-02-14T11:37:09+00:00","twitter_card":"summary_large_image","schema":{"@context":"https:\/\/schema.org","@graph":[{"@type":"WebPage","@id":"https:\/\/regardsdugrandparis.fr\/en\/exposition\/grand-paris\/","url":"https:\/\/regardsdugrandparis.fr\/en\/exposition\/grand-paris\/","name":"Grand Paris &#8212; Regards du Grand Paris","isPartOf":{"@id":"https:\/\/regardsdugrandparis.fr\/en\/#website"},"datePublished":"2022-04-24T16:39:56+00:00","dateModified":"2024-02-14T11:37:09+00:00","breadcrumb":{"@id":"https:\/\/regardsdugrandparis.fr\/en\/exposition\/grand-paris\/#breadcrumb"},"inLanguage":"en-US","potentialAction":[{"@type":"ReadAction","target":["https:\/\/regardsdugrandparis.fr\/en\/exposition\/grand-paris\/"]}]},{"@type":"BreadcrumbList","@id":"https:\/\/regardsdugrandparis.fr\/en\/exposition\/grand-paris\/#breadcrumb","itemListElement":[{"@type":"ListItem","position":1,"name":"Accueil","item":"https:\/\/regardsdugrandparis.fr\/en\/home\/"},{"@type":"ListItem","position":2,"name":"Exposition","item":"https:\/\/regardsdugrandparis.fr\/en\/exposition\/"},{"@type":"ListItem","position":3,"name":"Grand Paris"}]},{"@type":"WebSite","@id":"https:\/\/regardsdugrandparis.fr\/en\/#website","url":"https:\/\/regardsdugrandparis.fr\/en\/","name":"Regards du Grand Paris","description":"Du 24 juin au 23 octobre 2022","potentialAction":[{"@type":"SearchAction","target":{"@type":"EntryPoint","urlTemplate":"https:\/\/regardsdugrandparis.fr\/en\/?s={search_term_string}"},"query-input":"required name=search_term_string"}],"inLanguage":"en-US"}]}},"_links":{"self":[{"href":"https:\/\/regardsdugrandparis.fr\/en\/wp-json\/wp\/v2\/pages\/1240","targetHints":{"allow":["GET"]}}],"collection":[{"href":"https:\/\/regardsdugrandparis.fr\/en\/wp-json\/wp\/v2\/pages"}],"about":[{"href":"https:\/\/regardsdugrandparis.fr\/en\/wp-json\/wp\/v2\/types\/page"}],"author":[{"embeddable":true,"href":"https:\/\/regardsdugrandparis.fr\/en\/wp-json\/wp\/v2\/users\/3"}],"replies":[{"embeddable":true,"href":"https:\/\/regardsdugrandparis.fr\/en\/wp-json\/wp\/v2\/comments?post=1240"}],"version-history":[{"count":3,"href":"https:\/\/regardsdugrandparis.fr\/en\/wp-json\/wp\/v2\/pages\/1240\/revisions"}],"predecessor-version":[{"id":1392,"href":"https:\/\/regardsdugrandparis.fr\/en\/wp-json\/wp\/v2\/pages\/1240\/revisions\/1392"}],"up":[{"embeddable":true,"href":"https:\/\/regardsdugrandparis.fr\/en\/wp-json\/wp\/v2\/pages\/1152"}],"wp:attachment":[{"href":"https:\/\/regardsdugrandparis.fr\/en\/wp-json\/wp\/v2\/media?parent=1240"}],"curies":[{"name":"wp","href":"https:\/\/api.w.org\/{rel}","templated":true}]}}