{"id":1286,"date":"2022-06-18T18:31:55","date_gmt":"2022-06-18T16:31:55","guid":{"rendered":"https:\/\/regardsdugrandparis.fr\/mentions-legales\/"},"modified":"2022-06-18T18:31:55","modified_gmt":"2022-06-18T16:31:55","slug":"mentions-legales","status":"publish","type":"page","link":"https:\/\/regardsdugrandparis.fr\/en\/mentions-legales\/","title":{"rendered":"Mentions l\u00e9gales"},"content":{"rendered":"\n<h2 class=\"wp-block-heading\">Propri\u00e9t\u00e9 intellectuelle<\/h2>\n\n\n\n<p>Tous les contenus pr\u00e9sents sur le site web regardsdugrandparis.fr sont prot\u00e9g\u00e9s par le Droit d&#8217;auteur. Toute reprise est d\u00e8s lors conditionn\u00e9e \u00e0 l\u2019accord de l\u2019auteur en vertu de l\u2019article L.122-4 du Code la Propri\u00e9t\u00e9 Intellectuelle. Les textes pr\u00e9sents provenant de sources externes ont \u00e9t\u00e9 reproduits avec l&#8217;accord implicite ou explicite de leurs auteurs respectifs. \u00c0 ce titre, mention est faite sur les sites des sources et des auteurs respectifs.<\/p>\n\n\n\n<p>La reproduction ou la repr\u00e9sentation de tout ou partie de ce site, sur quelque support que ce soit, est formellement interdite sauf accord pr\u00e9alable \u00e9crit du directeur de la publication.<\/p>\n\n\n\n<p>Vous pouvez toutefois t\u00e9l\u00e9charger ou imprimer sur papier des pages et\/ou des parties du site, \u00e0 des fins strictement personnelles, pour autant que vous ne supprimiez pas les mentions relatives au droit d&#8217;auteur ou autres mentions concernant les droits de propri\u00e9t\u00e9 intellectuelle.<\/p>\n\n\n\n<p>Le t\u00e9l\u00e9chargement ou toute autre forme de copie d&#8217;informations pr\u00e9sentes sur le site ne vous conf\u00e8rent aucun droit sur ceux-ci. Vous ne pouvez ni reproduire (en tout ou en partie) ni transmettre (\u00e9lectroniquement ou de quelque autre mani\u00e8re) ni modifier, ni utiliser le site \u00e0 des fins publiques ou commerciales.<\/p>\n\n\n\n<h2 class=\"wp-block-heading\">Traitement des donn\u00e9es personnelles<\/h2>\n\n\n\n<p>Conform\u00e9ment aux articles 38 et suivants de la Loi 78-17 modifi\u00e9e, vous b\u00e9n\u00e9ficiez d&#8217;un droit d&#8217;acc\u00e8s, de rectification, de suppression, des donn\u00e9es vous concernant. Concernant le droit d&#8217;acc\u00e8s : avant de vous adresser des donn\u00e9es personnelles, nous vous demanderons de nous fournir une preuve de votre identit\u00e9. Si vous n&#8217;\u00eates pas en mesure de prouver votre identit\u00e9, nous nous r\u00e9servons le droit de refuser de vous envoyer les donn\u00e9es personnelles vous concernant. Nous nous effor\u00e7ons de r\u00e9pondre \u00e0 ces requ\u00eates dans des d\u00e9lais raisonnables.<\/p>\n\n\n\n<p>La collecte de donn\u00e9es personnelles est effectu\u00e9e en vue de permettre la transmission d\u2019informations compl\u00e9mentaires ou personnalis\u00e9es sur des programmes ou des offres commerciales des Ateliers M\u00e9dicis.<\/p>\n\n\n\n<p>Les informations collect\u00e9es sont \u00e0 l\u2019usage exclusif des Ateliers M\u00e9dicis et de ses prestataires dans le cadre de traitements d\u00e9l\u00e9gu\u00e9s.<\/p>\n\n\n\n<h2 class=\"wp-block-heading\">Informations sur les cookies<\/h2>\n\n\n\n<p>En consultant le site www.regardsdugrandparis.fr, vous \u00eates expos\u00e9 au d\u00e9p\u00f4t de cookies ou de traceurs sur votre navigateur web, que ce soit directement (par le site lui-m\u00eame) ou indirectement (par des services tiers). Ce d\u00e9p\u00f4t permet le stockage d&#8217;informations sur votre navigateur ou l&#8217;acc\u00e8s \u00e0 des informations d\u00e9j\u00e0 stock\u00e9es, pour permettre un fonctionnement optimal du site ou suivre vos activit\u00e9s sur Internet.<\/p>\n\n\n\n<p>Les cookies ou traceurs d\u00e9pos\u00e9s directement par le site www.regardsdugrandparis.fr sont utiles \u00e0 votre navigation sur le site ou \u00e0 la collecte de statistiques de fr\u00e9quentation. Ils sont inoffensifs, dans la mesure o\u00f9 ces informations ne sont ni crois\u00e9es avec d\u2019autres informations ni transmises \u00e0 des tiers.<br>Les cookies ou traceurs d\u00e9pos\u00e9s par des services tiers sont utiles au fonctionnement optimal de certaines fonctionnalit\u00e9s sp\u00e9cifiques telles que le partage sur les r\u00e9seaux sociaux ou la diffusion de contenus (vid\u00e9os).<\/p>\n\n\n\n<p>Vous pouvez vous opposer au d\u00e9p\u00f4t de ces cookies en param\u00e9trant votre navigateur pour bloquer les cookies tiers par d\u00e9faut, selon les recommandations de la CNIL&nbsp;: <a href=\"https:\/\/www.cnil.fr\/fr\/cookies-les-outils-pour-les-maitriser\" target=\"_blank\" rel=\"noreferrer noopener\">https:\/\/www.cnil.fr\/fr\/cookies-les-outils-pour-les-maitriser<\/a><br>Sachez toutefois que ces m\u00e9thodes ne pr\u00e9viennent pas compl\u00e9tement contre le d\u00e9p\u00f4t de cookies ou de traceurs et qu\u2019elles peuvent entra\u00eener une d\u00e9gradation de vos conditions de lecture et de navigation.<\/p>\n\n\n\n<h2 class=\"wp-block-heading\">Contact<\/h2>\n\n\n\n<p>Vous pouvez nous contacter \u00e0 l&#8217;adresse <a href=\"mailto:contact@ateliersmedicis.fr\">contact@ateliersmedicis.fr<\/a> pour toute demande de renseignements, ou pour exercer votre droit d&#8217;acc\u00e8s.<\/p>\n\n\n\n<h2 class=\"wp-block-heading\">H\u00e9bergement<\/h2>\n\n\n\n<p>Le site www.regardsdugrandparis.fr est h\u00e9berg\u00e9 sur les serveurs de la soci\u00e9t\u00e9 <a href=\"http:\/\/www.ovh.com\/fr\/support\/\">OVH<\/a><br>2 rue Kellermann \u2013 59100 Roubaix \u2013 France \u2013 T\u00e9l. 1007<\/p>\n\n\n\n<h2 class=\"wp-block-heading\">Site web<\/h2>\n\n\n\n<p>Les Ateliers M\u00e9dicis sont producteurs d\u00e9l\u00e9gu\u00e9s de l&#8217;exposition Regards du Grand Paris et op\u00e9rateur de la commande photographique nationale du m\u00eame nom.<\/p>\n\n\n\n<p>Directrice de publication : <strong>Cathy Bouvard<\/strong>, directrice des Ateliers M\u00e9dicis<\/p>\n\n\n\n<p>Pour toutes questions sur le site web, adressez vos demandes \u00e0 <a href=\"mailto:cedric.demondenard@ateliersmedicis.fr\">C\u00e9dric de Mondenard<\/a>, responsable de la communication aux Ateliers M\u00e9dicis.<br><br><\/p>\n","protected":false},"excerpt":{"rendered":"<p>Propri\u00e9t\u00e9 intellectuelle Tous les contenus pr\u00e9sents sur le site web regardsdugrandparis.fr sont prot\u00e9g\u00e9s par le Droit d&#8217;auteur. Toute reprise est d\u00e8s lors conditionn\u00e9e \u00e0 l\u2019accord de l\u2019auteur en vertu de l\u2019article L.122-4 du Code la Propri\u00e9t\u00e9 Intellectuelle. Les textes pr\u00e9sents provenant de sources externes ont \u00e9t\u00e9 reproduits avec l&#8217;accord implicite ou explicite de leurs auteurs [&hellip;]<\/p>\n","protected":false},"author":3,"featured_media":0,"parent":0,"menu_order":0,"comment_status":"closed","ping_status":"closed","template":"","meta":{"footnotes":""},"class_list":["post-1286","page","type-page","status-publish","hentry","missing-thumbnail"],"yoast_head":"<!-- This site is optimized with the Yoast SEO plugin v22.0 - https:\/\/yoast.com\/wordpress\/plugins\/seo\/ -->\n<title>Mentions l\u00e9gales &#8212; Regards du Grand Paris<\/title>\n<meta name=\"robots\" content=\"index, follow, max-snippet:-1, max-image-preview:large, max-video-preview:-1\" \/>\n<link rel=\"canonical\" href=\"https:\/\/regardsdugrandparis.fr\/en\/mentions-legales\/\" \/>\n<meta property=\"og:locale\" content=\"en_US\" \/>\n<meta property=\"og:type\" content=\"article\" \/>\n<meta property=\"og:title\" content=\"Mentions l\u00e9gales &#8212; Regards du Grand Paris\" \/>\n<meta property=\"og:description\" content=\"Propri\u00e9t\u00e9 intellectuelle Tous les contenus pr\u00e9sents sur le site web regardsdugrandparis.fr sont prot\u00e9g\u00e9s par le Droit d&#8217;auteur. Toute reprise est d\u00e8s lors conditionn\u00e9e \u00e0 l\u2019accord de l\u2019auteur en vertu de l\u2019article L.122-4 du Code la Propri\u00e9t\u00e9 Intellectuelle. Les textes pr\u00e9sents provenant de sources externes ont \u00e9t\u00e9 reproduits avec l&#8217;accord implicite ou explicite de leurs auteurs [&hellip;]\" \/>\n<meta property=\"og:url\" content=\"https:\/\/regardsdugrandparis.fr\/en\/mentions-legales\/\" \/>\n<meta property=\"og:site_name\" content=\"Regards du Grand Paris\" \/>\n<meta name=\"twitter:card\" content=\"summary_large_image\" \/>\n<script type=\"application\/ld+json\" class=\"yoast-schema-graph\">{\"@context\":\"https:\/\/schema.org\",\"@graph\":[{\"@type\":\"WebPage\",\"@id\":\"https:\/\/regardsdugrandparis.fr\/en\/mentions-legales\/\",\"url\":\"https:\/\/regardsdugrandparis.fr\/en\/mentions-legales\/\",\"name\":\"Mentions l\u00e9gales &#8212; Regards du Grand Paris\",\"isPartOf\":{\"@id\":\"https:\/\/regardsdugrandparis.fr\/en\/#website\"},\"datePublished\":\"2022-06-18T16:31:55+00:00\",\"dateModified\":\"2022-06-18T16:31:55+00:00\",\"breadcrumb\":{\"@id\":\"https:\/\/regardsdugrandparis.fr\/en\/mentions-legales\/#breadcrumb\"},\"inLanguage\":\"en-US\",\"potentialAction\":[{\"@type\":\"ReadAction\",\"target\":[\"https:\/\/regardsdugrandparis.fr\/en\/mentions-legales\/\"]}]},{\"@type\":\"BreadcrumbList\",\"@id\":\"https:\/\/regardsdugrandparis.fr\/en\/mentions-legales\/#breadcrumb\",\"itemListElement\":[{\"@type\":\"ListItem\",\"position\":1,\"name\":\"Accueil\",\"item\":\"https:\/\/regardsdugrandparis.fr\/en\/home\/\"},{\"@type\":\"ListItem\",\"position\":2,\"name\":\"Mentions l\u00e9gales\"}]},{\"@type\":\"WebSite\",\"@id\":\"https:\/\/regardsdugrandparis.fr\/en\/#website\",\"url\":\"https:\/\/regardsdugrandparis.fr\/en\/\",\"name\":\"Regards du Grand Paris\",\"description\":\"Du 24 juin au 23 octobre 2022\",\"potentialAction\":[{\"@type\":\"SearchAction\",\"target\":{\"@type\":\"EntryPoint\",\"urlTemplate\":\"https:\/\/regardsdugrandparis.fr\/en\/?s={search_term_string}\"},\"query-input\":\"required name=search_term_string\"}],\"inLanguage\":\"en-US\"}]}<\/script>\n<!-- \/ Yoast SEO plugin. -->","yoast_head_json":{"title":"Mentions l\u00e9gales &#8212; Regards du Grand Paris","robots":{"index":"index","follow":"follow","max-snippet":"max-snippet:-1","max-image-preview":"max-image-preview:large","max-video-preview":"max-video-preview:-1"},"canonical":"https:\/\/regardsdugrandparis.fr\/en\/mentions-legales\/","og_locale":"en_US","og_type":"article","og_title":"Mentions l\u00e9gales &#8212; Regards du Grand Paris","og_description":"Propri\u00e9t\u00e9 intellectuelle Tous les contenus pr\u00e9sents sur le site web regardsdugrandparis.fr sont prot\u00e9g\u00e9s par le Droit d&#8217;auteur. Toute reprise est d\u00e8s lors conditionn\u00e9e \u00e0 l\u2019accord de l\u2019auteur en vertu de l\u2019article L.122-4 du Code la Propri\u00e9t\u00e9 Intellectuelle. Les textes pr\u00e9sents provenant de sources externes ont \u00e9t\u00e9 reproduits avec l&#8217;accord implicite ou explicite de leurs auteurs [&hellip;]","og_url":"https:\/\/regardsdugrandparis.fr\/en\/mentions-legales\/","og_site_name":"Regards du Grand Paris","twitter_card":"summary_large_image","schema":{"@context":"https:\/\/schema.org","@graph":[{"@type":"WebPage","@id":"https:\/\/regardsdugrandparis.fr\/en\/mentions-legales\/","url":"https:\/\/regardsdugrandparis.fr\/en\/mentions-legales\/","name":"Mentions l\u00e9gales &#8212; Regards du Grand Paris","isPartOf":{"@id":"https:\/\/regardsdugrandparis.fr\/en\/#website"},"datePublished":"2022-06-18T16:31:55+00:00","dateModified":"2022-06-18T16:31:55+00:00","breadcrumb":{"@id":"https:\/\/regardsdugrandparis.fr\/en\/mentions-legales\/#breadcrumb"},"inLanguage":"en-US","potentialAction":[{"@type":"ReadAction","target":["https:\/\/regardsdugrandparis.fr\/en\/mentions-legales\/"]}]},{"@type":"BreadcrumbList","@id":"https:\/\/regardsdugrandparis.fr\/en\/mentions-legales\/#breadcrumb","itemListElement":[{"@type":"ListItem","position":1,"name":"Accueil","item":"https:\/\/regardsdugrandparis.fr\/en\/home\/"},{"@type":"ListItem","position":2,"name":"Mentions l\u00e9gales"}]},{"@type":"WebSite","@id":"https:\/\/regardsdugrandparis.fr\/en\/#website","url":"https:\/\/regardsdugrandparis.fr\/en\/","name":"Regards du Grand Paris","description":"Du 24 juin au 23 octobre 2022","potentialAction":[{"@type":"SearchAction","target":{"@type":"EntryPoint","urlTemplate":"https:\/\/regardsdugrandparis.fr\/en\/?s={search_term_string}"},"query-input":"required name=search_term_string"}],"inLanguage":"en-US"}]}},"_links":{"self":[{"href":"https:\/\/regardsdugrandparis.fr\/en\/wp-json\/wp\/v2\/pages\/1286","targetHints":{"allow":["GET"]}}],"collection":[{"href":"https:\/\/regardsdugrandparis.fr\/en\/wp-json\/wp\/v2\/pages"}],"about":[{"href":"https:\/\/regardsdugrandparis.fr\/en\/wp-json\/wp\/v2\/types\/page"}],"author":[{"embeddable":true,"href":"https:\/\/regardsdugrandparis.fr\/en\/wp-json\/wp\/v2\/users\/3"}],"replies":[{"embeddable":true,"href":"https:\/\/regardsdugrandparis.fr\/en\/wp-json\/wp\/v2\/comments?post=1286"}],"version-history":[{"count":0,"href":"https:\/\/regardsdugrandparis.fr\/en\/wp-json\/wp\/v2\/pages\/1286\/revisions"}],"wp:attachment":[{"href":"https:\/\/regardsdugrandparis.fr\/en\/wp-json\/wp\/v2\/media?parent=1286"}],"curies":[{"name":"wp","href":"https:\/\/api.w.org\/{rel}","templated":true}]}}