{"id":1287,"date":"2022-04-24T18:41:40","date_gmt":"2022-04-24T16:41:40","guid":{"rendered":"https:\/\/regardsdugrandparis.fr\/partenaires\/"},"modified":"2022-04-24T18:41:40","modified_gmt":"2022-04-24T16:41:40","slug":"partenaires","status":"publish","type":"page","link":"https:\/\/regardsdugrandparis.fr\/en\/partenaires\/","title":{"rendered":"Partenaires"},"content":{"rendered":"\n<p>Les <strong><a href=\"https:\/\/www.ateliersmedicis.fr\/\" target=\"_blank\" rel=\"noreferrer noopener\">Ateliers M\u00e9dicis<\/a> <\/strong>s\u2019attachent \u00e0 faire \u00e9merger des voix artistiques nouvelles, diverses, et \u00e0 accompagner des artistes aux langages singuliers et contemporains. Ils accueillent en r\u00e9sidence des artistes de toutes les disciplines et soutiennent la cr\u00e9ation d\u2019\u0153uvres pens\u00e9es en lien avec les territoires. Ils favorisent ou organisent la rencontre sous toutes ses formes entre les artistes et les habitants. Situ\u00e9s \u00e0 Clichy-sous-Bois et Montfermeil (Seine-Saint-Denis), ils occupent un b\u00e2timent de pr\u00e9figuration. Un \u00e9quipement de grande envergure et d\u2019ambition nationale sera construit \u00e0 l\u2019horizon 2025, r\u00e9affirmant la place de la cr\u00e9ation artistique dans les banlieues.<\/p>\n\n\n\n<p>Le <strong><a href=\"https:\/\/www.cnap.fr\/\" target=\"_blank\" rel=\"noreferrer noopener\">Centre national des arts plastiques<\/a> <\/strong>(Cnap) est l\u2019un des principaux op\u00e9rateurs du minist\u00e8re de la Culture dans le domaine des arts visuels. Acteur culturel, il encourage la sc\u00e8ne artistique dans toute sa diversit\u00e9 et accompagne<br>les artistes ainsi que les professionnels par plusieurs dispositifs d\u2019aides. Il enrichit, pour le compte de l\u2019\u00c9tat, le Fonds national d\u2019art contemporain, collection nationale qu\u2019il conserve et fait conna\u00eetre par des pr\u00eats et des d\u00e9p\u00f4ts en France et \u00e0 l\u2019\u00e9tranger, des expositions en partenariat et des \u00e9ditions. Riche de plus de douze mille \u0153uvres, la collection photographie du Cnap est particuli\u00e8rement repr\u00e9sentative du d\u00e9veloppement de cet art au long du XXe si\u00e8cle jusqu\u2019\u00e0 nos jours. Initi\u00e9e d\u00e8s le dernier quart du XIXe si\u00e8cle, elle est dot\u00e9e d\u2019un socle historique important, particuli\u00e8rement pour la seconde moiti\u00e9 du XXe si\u00e8cle, avec des ensembles exceptionnels consacr\u00e9s aux grands noms de la photographie d\u2019apr\u00e8s-guerre. Son int\u00e9r\u00eat r\u00e9side dans l\u2019intensit\u00e9 et la r\u00e9gularit\u00e9 des achats et commandes, renforc\u00e9es \u00e0 partir des ann\u00e9es 1980, par l\u2019enregistrement constant du d\u00e9ploiement de l\u2019art photographique, \u00e0 travers toutes ses expressions, sur la sc\u00e8ne internationale et avec une attention toute particuli\u00e8re pour la sc\u00e8ne fran\u00e7aise.<\/p>\n\n\n\n<p>Les <strong><a rel=\"noreferrer noopener\" href=\"https:\/\/magasinsgeneraux.com\/fr\/\" target=\"_blank\">Magasins g\u00e9n\u00e9raux<\/a> <\/strong>sont un centre de cr\u00e9ation fond\u00e9 par l\u2019agence de communication BETC en 2017. N\u00e9s dans un b\u00e2timent industriel des ann\u00e9es trente au bord du canal de l\u2019Ourcq \u00e0 Pantin, ils participent activement \u00e0 l\u2019\u00e9nergie et \u00e0 l\u2019\u00e9mergence du Grand Paris. Les Magasins g\u00e9n\u00e9raux d\u00e9veloppent toute l\u2019ann\u00e9e une programmation artistique et culturelle originale, sans limite de forme \u2013 expositions, festivals, conf\u00e9rences, r\u00e9sidences, ateliers, performances, concerts, f\u00eates, projets d\u2019\u00e9dition \u2013 avec des artistes et des cr\u00e9atrices et cr\u00e9ateurs de tous horizons. Une m\u00eame ambition anime la programmation des Magasins g\u00e9n\u00e9raux : adresser les sujets qui agitent la soci\u00e9t\u00e9, encourager les porosit\u00e9s entre les diff\u00e9rents champs artistiques, soutenir la cr\u00e9ation \u00e9mergente fran\u00e7aise et internationale, favoriser la mixit\u00e9 des publics gr\u00e2ce \u00e0 un fort ancrage local, et s\u2019adresser \u00e0 l\u2019audience la plus large possible pour penser ensemble le monde \u00e0 venir.<\/p>\n\n\n\n<p>La <strong><a rel=\"noreferrer noopener\" href=\"https:\/\/www.societedugrandparis.fr\/\" target=\"_blank\">Soci\u00e9t\u00e9 du Grand Paris<\/a> <\/strong>est l\u2019entreprise publique cr\u00e9\u00e9e par l\u2019\u00c9tat pour piloter le projet du Grand Paris Express. Au service de tous les franciliens et du d\u00e9veloppement de la r\u00e9gion Capitale, elle se consacre \u00e0 la r\u00e9alisation du futur m\u00e9tro du Grand Paris. Depuis sa naissance en 2010, elle s\u2019appuie sur une \u00e9quipe de sp\u00e9cialistes en ing\u00e9nierie et conduite de projets de transport et d\u2019am\u00e9nagement pour b\u00e2tir ce grand r\u00e9seau strat\u00e9gique. Soutenue par les collectivit\u00e9s d\u2019\u00cele-de- France, la Soci\u00e9t\u00e9 du Grand Paris est un lieu de dialogue et d\u2019\u00e9changes. Elle porte la culture et la cr\u00e9ation en son c\u0153ur. Sa programmation artistique et culturelle lanc\u00e9e en 2016, r\u00e9unit aujourd\u2019hui plus de deux cents artistes et met en \u0153uvre des projets pluridisciplinaires qui se d\u00e9ploient du temps des chantiers au temps des gares : allant de la commande d\u2019\u0153uvres p\u00e9rennes dans les futures gares \u00e0 des projets participatifs, temporaires ou \u00e9v\u00e8nementiels autour des chantiers.<\/p>\n\n\n\n<p>Le <strong><a href=\"https:\/\/www.carnavalet.paris.fr\/\" target=\"_blank\" rel=\"noreferrer noopener\">Mus\u00e9e Carnavalet \u2013 Histoire de Paris<\/a><\/strong>, situ\u00e9 au c\u0153ur du Marais, est le lieu de r\u00e9f\u00e9rence de l\u2019histoire de Paris. Ses collections, qui comprennent environ 625 000 \u0153uvres, en font l\u2019un des principaux mus\u00e9es fran\u00e7ais. Peintures, sculptures, pi\u00e8ces de mobilier, boiseries, objets d\u2019art d\u00e9coratif et d\u2019histoire, enseignes, photographies, dessins, estampes, affiches, m\u00e9dailles, monnaies, collections d\u2019arch\u00e9ologie&#8230; 3 800 \u0153uvres sont pr\u00e9sent\u00e9es dans un cadre historique exceptionnel, permettant au visiteur de voyager \u00e0 travers la capitale, de la Pr\u00e9histoire \u00e0 nos jours. L\u2019histoire de Paris est retrac\u00e9e de mani\u00e8re unique et vivante : \u00e0 la fois historique, documentaire et sentimentale. Dans la derni\u00e8re section de son parcours permanent intitul\u00e9e \u00ab Paris, de 1977 \u00e0 nos jours \u00bb, le mus\u00e9e d\u00e9veloppe plusieurs th\u00e9matiques, tels le climat et l\u2019environnement ou encore l\u2019\u00e9volution architecturale et urbaine.<\/p>\n\n\n\n<p>Cr\u00e9\u00e9e le 1er janvier 2016, la <strong><a href=\"https:\/\/metropolegrandparis.fr\/fr\" target=\"_blank\" rel=\"noreferrer noopener\">M\u00e9tropole du Grand Paris<\/a> <\/strong>est une intercommunalit\u00e9 de 7,2 millions d\u2019habitants qui regroupe 131 communes et 11 \u00e9tablissements publics territoriaux. Elle porte un projet m\u00e9tropolitain ambitieux, unique et n\u00e9cessaire et d\u00e9ploie des actions d\u2019envergure telles que la construction du Centre Aquatique Olympique dans le cadre des Jeux olympiques et paralympiques de Paris 2024. Son intervention, articul\u00e9e autour de six sch\u00e9mas directeurs, est d\u00e9finie dans le cadre de l\u2019exercice de ses cinq comp\u00e9tences : d\u00e9veloppement et am\u00e9nagement \u00e9conomique, social et culturel ; protection et mise en valeur de l\u2019environnement et du cadre de vie ; am\u00e9nagement de l\u2019espace m\u00e9tropolitain ; politique locale de l\u2019habitat ; gestion des milieux aquatiques et pr\u00e9vention des inondations.<\/p>\n\n\n\n<p>Cr\u00e9\u00e9e en 1953, l\u2019<strong><a href=\"https:\/\/www.adagp.fr\/\" target=\"_blank\" rel=\"noreferrer noopener\">ADAGP<\/a> <\/strong>est la soci\u00e9t\u00e9 fran\u00e7aise de perception et de r\u00e9partition des droits d\u2019auteur dans le domaine des arts visuels. Forte d\u2019un r\u00e9seau mondial de 50 soci\u00e9t\u00e9s s\u0153urs, elle repr\u00e9sente aujourd\u2019hui plus de 200 000 artistes dans toutes les disciplines: peinture, sculpture, photographie, architecture, design, bande dessin\u00e9e, manga, illustration, street art, cr\u00e9ation num\u00e9rique, art vid\u00e9o. L\u2019ADAGP encourage la sc\u00e8ne cr\u00e9ative en initiant et en soutenant financi\u00e8rement des projets propres \u00e0 valoriser la sc\u00e8ne artistique et \u00e0 en assurer la promotion \u00e0 l\u2019\u00e9chelle nationale et internationale.<\/p>\n\n\n\n<p>Le <strong><a href=\"https:\/\/www.parisaeroport.fr\/\" target=\"_blank\" rel=\"noreferrer noopener\">Groupe ADP<\/a><\/strong>, un des leaders mondiaux de l\u2019a\u00e9roportuaire, con\u00e7oit, am\u00e9nage et g\u00e8re des plateformes a\u00e9roportuaires \u00e0 Paris-Orly, Paris-Charles de Gaulle et Paris-Le Bourget et dans son r\u00e9seau de 29 a\u00e9roports \u00e0 travers le monde. En 2020, le groupe a adopt\u00e9 sa raison d\u2019\u00eatre : \u00ab Accueillir les passagers, exploiter et imaginer des a\u00e9roports, de mani\u00e8re responsable et \u00e0 travers le monde \u00bb. Il porte les objectifs du groupe en mati\u00e8re d\u2019accueil des passagers, d\u2019excellence op\u00e9rationnelle, de conception d\u2019infrastructure et d\u2019innovation mais aussi sa responsabilit\u00e9 face aux enjeux environnementaux, sociaux ou soci\u00e9taux, \u00e0 Paris et \u00e0 l\u2019international. Notre raison d\u2019\u00eatre r\u00e9sume \u00e0 la fois nos activit\u00e9s, nos m\u00e9tiers et notre ambition : \u00eatre le leader mondial de l\u2019hospitalit\u00e9 a\u00e9roportuaire.<\/p>\n\n\n\n<hr class=\"wp-block-separator has-alpha-channel-opacity\"\/>\n\n\n\n<p><strong>Regards du Grand Paris<\/strong> est une exposition photographique des Ateliers M\u00e9dicis et du Centre national des arts plastiques avec les Magasins g\u00e9n\u00e9raux et la Soci\u00e9t\u00e9 du Grand Paris.<\/p>\n\n\n\n<p>En collaboration avec le Mus\u00e9e Carnavalet &#8211; Histoire de Paris, et en partenariat avec le Centre Pompidou, la Biblioth\u00e8que publique d\u2019information, le Centre national de la danse, le Grand Parquet (maison d\u2019artistes du th\u00e9\u00e2tre Paris-Villette), la Station &#8211; Gare des mines, la Bap ! Biennale d\u2019architecture et de paysage, la RATP, la Ville de Paris et Hiscox Assurances.<\/p>\n\n\n\n<p>Avec le soutien du minist\u00e8re de la Culture, de la M\u00e9tropole du Grand Paris, de l\u2019ADAGP, de la Copie priv\u00e9e et du Groupe ADP.<\/p>\n\n\n\n<hr class=\"wp-block-separator has-alpha-channel-opacity\"\/>\n\n\n\n<p>La commande photographique nationale <strong>Regards du Grand Paris<\/strong> (2016-2026) est confi\u00e9e par le minist\u00e8re de la Culture aux Ateliers M\u00e9dicis en partenariat avec le Cnap.<\/p>\n","protected":false},"excerpt":{"rendered":"<p>Les Ateliers M\u00e9dicis s\u2019attachent \u00e0 faire \u00e9merger des voix artistiques nouvelles, diverses, et \u00e0 accompagner des artistes aux langages singuliers et contemporains. Ils accueillent en r\u00e9sidence des artistes de toutes les disciplines et soutiennent la cr\u00e9ation d\u2019\u0153uvres pens\u00e9es en lien avec les territoires. Ils favorisent ou organisent la rencontre sous toutes ses formes entre les [&hellip;]<\/p>\n","protected":false},"author":3,"featured_media":0,"parent":0,"menu_order":0,"comment_status":"closed","ping_status":"closed","template":"","meta":{"footnotes":""},"class_list":["post-1287","page","type-page","status-publish","hentry","missing-thumbnail"],"yoast_head":"<!-- This site is optimized with the Yoast SEO plugin v22.0 - https:\/\/yoast.com\/wordpress\/plugins\/seo\/ -->\n<title>Partenaires &#8212; Regards du Grand Paris<\/title>\n<meta name=\"robots\" content=\"index, follow, max-snippet:-1, max-image-preview:large, max-video-preview:-1\" \/>\n<link rel=\"canonical\" href=\"https:\/\/regardsdugrandparis.fr\/en\/partenaires\/\" \/>\n<meta property=\"og:locale\" content=\"en_US\" \/>\n<meta property=\"og:type\" content=\"article\" \/>\n<meta property=\"og:title\" content=\"Partenaires &#8212; Regards du Grand Paris\" \/>\n<meta property=\"og:description\" content=\"Les Ateliers M\u00e9dicis s\u2019attachent \u00e0 faire \u00e9merger des voix artistiques nouvelles, diverses, et \u00e0 accompagner des artistes aux langages singuliers et contemporains. Ils accueillent en r\u00e9sidence des artistes de toutes les disciplines et soutiennent la cr\u00e9ation d\u2019\u0153uvres pens\u00e9es en lien avec les territoires. Ils favorisent ou organisent la rencontre sous toutes ses formes entre les [&hellip;]\" \/>\n<meta property=\"og:url\" content=\"https:\/\/regardsdugrandparis.fr\/en\/partenaires\/\" \/>\n<meta property=\"og:site_name\" content=\"Regards du Grand Paris\" \/>\n<meta name=\"twitter:card\" content=\"summary_large_image\" \/>\n<script type=\"application\/ld+json\" class=\"yoast-schema-graph\">{\"@context\":\"https:\/\/schema.org\",\"@graph\":[{\"@type\":\"WebPage\",\"@id\":\"https:\/\/regardsdugrandparis.fr\/en\/partenaires\/\",\"url\":\"https:\/\/regardsdugrandparis.fr\/en\/partenaires\/\",\"name\":\"Partenaires &#8212; Regards du Grand Paris\",\"isPartOf\":{\"@id\":\"https:\/\/regardsdugrandparis.fr\/en\/#website\"},\"datePublished\":\"2022-04-24T16:41:40+00:00\",\"dateModified\":\"2022-04-24T16:41:40+00:00\",\"breadcrumb\":{\"@id\":\"https:\/\/regardsdugrandparis.fr\/en\/partenaires\/#breadcrumb\"},\"inLanguage\":\"en-US\",\"potentialAction\":[{\"@type\":\"ReadAction\",\"target\":[\"https:\/\/regardsdugrandparis.fr\/en\/partenaires\/\"]}]},{\"@type\":\"BreadcrumbList\",\"@id\":\"https:\/\/regardsdugrandparis.fr\/en\/partenaires\/#breadcrumb\",\"itemListElement\":[{\"@type\":\"ListItem\",\"position\":1,\"name\":\"Accueil\",\"item\":\"https:\/\/regardsdugrandparis.fr\/en\/home\/\"},{\"@type\":\"ListItem\",\"position\":2,\"name\":\"Partenaires\"}]},{\"@type\":\"WebSite\",\"@id\":\"https:\/\/regardsdugrandparis.fr\/en\/#website\",\"url\":\"https:\/\/regardsdugrandparis.fr\/en\/\",\"name\":\"Regards du Grand Paris\",\"description\":\"Du 24 juin au 23 octobre 2022\",\"potentialAction\":[{\"@type\":\"SearchAction\",\"target\":{\"@type\":\"EntryPoint\",\"urlTemplate\":\"https:\/\/regardsdugrandparis.fr\/en\/?s={search_term_string}\"},\"query-input\":\"required name=search_term_string\"}],\"inLanguage\":\"en-US\"}]}<\/script>\n<!-- \/ Yoast SEO plugin. -->","yoast_head_json":{"title":"Partenaires &#8212; Regards du Grand Paris","robots":{"index":"index","follow":"follow","max-snippet":"max-snippet:-1","max-image-preview":"max-image-preview:large","max-video-preview":"max-video-preview:-1"},"canonical":"https:\/\/regardsdugrandparis.fr\/en\/partenaires\/","og_locale":"en_US","og_type":"article","og_title":"Partenaires &#8212; Regards du Grand Paris","og_description":"Les Ateliers M\u00e9dicis s\u2019attachent \u00e0 faire \u00e9merger des voix artistiques nouvelles, diverses, et \u00e0 accompagner des artistes aux langages singuliers et contemporains. Ils accueillent en r\u00e9sidence des artistes de toutes les disciplines et soutiennent la cr\u00e9ation d\u2019\u0153uvres pens\u00e9es en lien avec les territoires. Ils favorisent ou organisent la rencontre sous toutes ses formes entre les [&hellip;]","og_url":"https:\/\/regardsdugrandparis.fr\/en\/partenaires\/","og_site_name":"Regards du Grand Paris","twitter_card":"summary_large_image","schema":{"@context":"https:\/\/schema.org","@graph":[{"@type":"WebPage","@id":"https:\/\/regardsdugrandparis.fr\/en\/partenaires\/","url":"https:\/\/regardsdugrandparis.fr\/en\/partenaires\/","name":"Partenaires &#8212; Regards du Grand Paris","isPartOf":{"@id":"https:\/\/regardsdugrandparis.fr\/en\/#website"},"datePublished":"2022-04-24T16:41:40+00:00","dateModified":"2022-04-24T16:41:40+00:00","breadcrumb":{"@id":"https:\/\/regardsdugrandparis.fr\/en\/partenaires\/#breadcrumb"},"inLanguage":"en-US","potentialAction":[{"@type":"ReadAction","target":["https:\/\/regardsdugrandparis.fr\/en\/partenaires\/"]}]},{"@type":"BreadcrumbList","@id":"https:\/\/regardsdugrandparis.fr\/en\/partenaires\/#breadcrumb","itemListElement":[{"@type":"ListItem","position":1,"name":"Accueil","item":"https:\/\/regardsdugrandparis.fr\/en\/home\/"},{"@type":"ListItem","position":2,"name":"Partenaires"}]},{"@type":"WebSite","@id":"https:\/\/regardsdugrandparis.fr\/en\/#website","url":"https:\/\/regardsdugrandparis.fr\/en\/","name":"Regards du Grand Paris","description":"Du 24 juin au 23 octobre 2022","potentialAction":[{"@type":"SearchAction","target":{"@type":"EntryPoint","urlTemplate":"https:\/\/regardsdugrandparis.fr\/en\/?s={search_term_string}"},"query-input":"required name=search_term_string"}],"inLanguage":"en-US"}]}},"_links":{"self":[{"href":"https:\/\/regardsdugrandparis.fr\/en\/wp-json\/wp\/v2\/pages\/1287","targetHints":{"allow":["GET"]}}],"collection":[{"href":"https:\/\/regardsdugrandparis.fr\/en\/wp-json\/wp\/v2\/pages"}],"about":[{"href":"https:\/\/regardsdugrandparis.fr\/en\/wp-json\/wp\/v2\/types\/page"}],"author":[{"embeddable":true,"href":"https:\/\/regardsdugrandparis.fr\/en\/wp-json\/wp\/v2\/users\/3"}],"replies":[{"embeddable":true,"href":"https:\/\/regardsdugrandparis.fr\/en\/wp-json\/wp\/v2\/comments?post=1287"}],"version-history":[{"count":0,"href":"https:\/\/regardsdugrandparis.fr\/en\/wp-json\/wp\/v2\/pages\/1287\/revisions"}],"wp:attachment":[{"href":"https:\/\/regardsdugrandparis.fr\/en\/wp-json\/wp\/v2\/media?parent=1287"}],"curies":[{"name":"wp","href":"https:\/\/api.w.org\/{rel}","templated":true}]}}