{"id":1288,"date":"2022-06-14T22:32:45","date_gmt":"2022-06-14T20:32:45","guid":{"rendered":"https:\/\/regardsdugrandparis.fr\/partenaires\/credits-et-remerciements\/"},"modified":"2022-06-29T10:25:28","modified_gmt":"2022-06-29T08:25:28","slug":"credits-et-remerciements","status":"publish","type":"page","link":"https:\/\/regardsdugrandparis.fr\/en\/partenaires\/credits-et-remerciements\/","title":{"rendered":"Credits and acknowledgments"},"content":{"rendered":"\n<p><strong>\u00c9quipe curatoriale<\/strong><br>Pascal Beausse avec Ariane Tronel, Cl\u00e9ment Postec avec L\u00e9onore Chirol, Anna Labouze &amp; Keimis Henni avec Fanny Van Opstal et la collaboration de Damarice Amaro, Anne de Mondenard avec Alexandra Dreyfus<\/p>\n\n\n\n<p><strong>Pilotage<\/strong><br>Cl\u00e9ment Postec et L\u00e9onore Chirol avec la collaboration de Julia Dartois, Dani\u00e8le Desideri, Jean-Dominique Secondi, Marc Vaudey<\/p>\n\n\n\n<p><strong>Direction de production et technique<\/strong><br>Antoine Cochain (Playtime), Arthur M\u00e9rigaud<\/p>\n\n\n\n<p><strong>Production<\/strong><br>L\u00e9a Hachard, Agathe Pinet<\/p>\n\n\n\n<p><strong>R\u00e9gie des \u0153uvres<\/strong><br>Am\u00e9lie Matray, Laure Daran avec l\u2019\u00e9quipe d\u2019installateurs-monteurs d\u2019objets d\u2019art, Sophie Petit avec l\u2019\u00e9quipe des encadreurs<\/p>\n\n\n\n<p><strong>Documentation des \u0153uvres<\/strong><br>Isabelle Laurent<\/p>\n\n\n\n<p><strong>Iconoth\u00e8que<\/strong><br>St\u00e9phanie Fargier, C\u00e9cile Vignial, Franck Vigneux<\/p>\n\n\n\n<p><strong>Restauration et conservation pr\u00e9ventive<\/strong><br>Maryline Debord, Caroline Bauer<\/p>\n\n\n\n<p><strong>M\u00e9c\u00e9nats et partenariats<\/strong><br>Cl\u00e9ment Postec, Flore Salmon-Legagneur, Sandrine Vall\u00e9e-Potelle, Eliott Pinet et Lucas Vachez (Oroshi)<\/p>\n\n\n\n<p><strong>Presse<\/strong><br>Agn\u00e8s Renoult et Marc Fernandes (Agn\u00e8s Renoult Communication), Ana\u00efs Tridon, Chlo\u00e9 Martin (Agence Communic\u2019art)<\/p>\n\n\n\n<p><strong>Communication<\/strong><br>C\u00e9dric de Mondenard avec Anouar Oubnichou, Sandrine Vall\u00e9e-Potelle avec Alexandre Clouzot, \u00c9meric Descroix avec Caroline Arce Ross et Mathis Payet-Descombes, Louise Devaine, Camille Courbis<\/p>\n\n\n\n<p><strong>M\u00e9diation<\/strong><br>Anne Marchis Mouren (Bureau ind\u00e9pendant de m\u00e9diation culturelle &#8211; BIM), Adeline Pr\u00e9aud, Marie Gouyon avec Lucie Breton<\/p>\n\n\n\n<p><strong>M\u00e9diateur\u00b7rice\u00b7s<\/strong><br>Nolwenn Dufour, Amel Filah, Lucie Laurent, Achille Murat, Hayn\u00e9 Siby<\/p>\n\n\n\n<p><strong>Design graphique<\/strong><br>Kidnap Your Designer<\/p>\n\n\n\n<p><strong>\u00c9dition<\/strong><br>B\u00e9n\u00e9dicte Godin, C\u00e9dric de Mondenard, l\u2019\u00e9quipe des \u00e9ditions Textuel avec le Studio Agn\u00e8s Dahan<\/p>\n\n\n\n<p><strong>Direction<\/strong><br>Cathy Bouvard, directrice et Renan Benyamina, directeur d\u00e9l\u00e9gu\u00e9 des Ateliers M\u00e9dicis.<br>B\u00e9atrice Salmon, directrice du Centre national des arts plastiques (Cnap).<br>R\u00e9mi Babinet, pr\u00e9sident des Magasins g\u00e9n\u00e9raux.<br>Pierre Emmanuel Becherand, responsable de l\u2019architecture, du design et de la culture de la Soci\u00e9t\u00e9 du Grand Paris.<br>Val\u00e9rie Guillaume, directrice du mus\u00e9e Carnavalet \u2013 Histoire de Paris.<\/p>\n\n\n\n<h3 class=\"wp-block-heading\">Aux Magasins g\u00e9n\u00e9raux<\/h3>\n\n\n\n<p><strong>Sc\u00e9nographie<\/strong><br>Rebeyrol &amp; Ollivier<\/p>\n\n\n\n<p><strong>Construction sc\u00e9nographique<\/strong><br>Mythiqs<\/p>\n\n\n\n<p><strong>R\u00e9gie technique<\/strong><br>Benjamin Brault<\/p>\n\n\n\n<p><strong>R\u00e9gie audiovisuel<\/strong><br>Pierre Froment<\/p>\n\n\n\n<p><strong>Coordination lumi\u00e8re<\/strong><br>Julien Dupeu<\/p>\n\n\n\n<p><strong>Coordination montage<\/strong><br>Etienne Fran\u00e7ois<\/p>\n\n\n\n<p><strong>R\u00e9gie<\/strong><br>Marie Astre, L\u00e9ticia Chanliau, Fran\u00e7ois-Xavier Debelle,<br>Cl\u00e9ment Gaillard, C\u00e9cile Granier de Cassagnac, Salom\u00e9 Jacquet, Carine Klonowski, Fran\u00e7ois Parmantier, Julien Ziegler<\/p>\n\n\n\n<p><\/p>\n\n\n\n<h2 class=\"wp-block-heading\">Acknowledgments<\/h2>\n\n\n\n<p>Les Ateliers M\u00e9dicis, le Cnap, les Magasins g\u00e9n\u00e9raux, la&nbsp;Soci\u00e9t\u00e9 du Grand Paris et le mus\u00e9e Carnavalet &#8211; Histoire de Paris tiennent \u00e0 remercier tout particuli\u00e8rement celles et ceux qui ont contribu\u00e9 \u00e0 la r\u00e9alisation de la commande et de l\u2019exposition Regards du Grand&nbsp;Paris : Guillaume Amen, C\u00e9cile Archambeaud, Rapha\u00eble Bertho, Alexis Bour\u00e9ly, Sakina Bahri, Julie Balagu\u00e9, Beno\u00eet Baume, Safia Benha\u00efm, Delphine Ber\u00e7ot, Mustapha Bouhayati, Juliette Calori, Lionel Catelan, H\u00e9lo\u00efse Con\u00e9sa, Hannah Darabi, Danielle Desideri, Alice Diop, Yand\u00e9 Diouf, Alexandra Dreyfus, Diane Dufour, Paul Duboc, Karine Duquesnoy, Fannie Escoulen, Marie Fruit, Jean-Baptiste Gabbero, Claire Gaide, Cecilia Girard, Sylvain Gouraud, Beno\u00eet Grimbert, \u00c9rick Gudimard, Fran\u00e7ois H\u00e9bel, Marion Hislen, \u00c9ric Karsenty, Mathieu Lamblin, Juliette Lalanne, Laurent Le Bon, Eug\u00e9nie Lefebvre, Imane Leh\u00e9rissier, Sophie L\u00e9ron, Sarah Mallegol, Dominique Jakob, Lucie Jean, Karim Kal, Nadia Yala Kisukidi, Aude Lavigne, Sophie L\u00e9ron, Maryam Madjidi, Paul Maheke, Julien Duc-Maug\u00e9, Olivier Meneux, Ayoko Mensah, Anne de Mondenard, Lamya Monkachi, Francis Morandini, Magali Nachtergael, Gr\u00e9goire Pastor, C\u00e9cile Portier, Xavier Rey, Yves Robert, Am\u00e9lie Verley, Bertrand Schefer, Anne-Lise Seusse, Jennifer Thiault, Pia Viewing, Jean-Philippe Witwicki, Lamia Zanna.<\/p>\n\n\n\n<p><strong>Les Ateliers M\u00e9dicis et leurs partenaires d\u00e9dient cette exposition \u00e0 Elhame Teboul, comptable et administratrice des Ateliers M\u00e9dicis de 2016 \u00e0 2022.<\/strong><\/p>\n\n\n\n<p><br>Regards du Grand Paris est une exposition photographique des Ateliers M\u00e9dicis et du Centre national des arts plastiques avec les Magasins g\u00e9n\u00e9raux et la Soci\u00e9t\u00e9\u0301 du Grand Paris.<br>En collaboration avec le mus\u00e9e Carnavalet &#8211; Histoire de Paris et en partenariat avec le Centre Pompidou, la Biblioth\u00e8que publique d\u2019information, le Centre national de la danse, le Grand Parquet (maison d\u2019artistes du Th\u00e9\u00e2tre Paris-Villette), la Station \u2013 Gare des Mines, la Bap&nbsp;! Biennale d\u2019architecture et de paysage, la RATP, la Ville de Paris et Hiscox Assurances. Avec le soutien du minist\u00e8re de la Culture, de la M\u00e9tropole du Grand Paris, de l\u2019ADAGP, de la Copie priv\u00e9e et du&nbsp;Groupe ADP.<\/p>\n\n\n\n<p>La commande photographique nationale Regards du Grand Paris (2016-2026) est confi\u00e9e par le minist\u00e8re de la Culture aux Ateliers M\u00e9dicis en partenariat avec le Cnap.<\/p>\n","protected":false},"excerpt":{"rendered":"<p>\u00c9quipe curatorialePascal Beausse avec Ariane Tronel, Cl\u00e9ment Postec avec L\u00e9onore Chirol, Anna Labouze &amp; Keimis Henni avec Fanny Van Opstal et la collaboration de Damarice Amaro, Anne de Mondenard avec Alexandra Dreyfus PilotageCl\u00e9ment Postec et L\u00e9onore Chirol avec la collaboration de Julia Dartois, Dani\u00e8le Desideri, Jean-Dominique Secondi, Marc Vaudey Direction de production et techniqueAntoine Cochain [&hellip;]<\/p>\n","protected":false},"author":3,"featured_media":0,"parent":1287,"menu_order":0,"comment_status":"closed","ping_status":"closed","template":"","meta":{"footnotes":""},"class_list":["post-1288","page","type-page","status-publish","hentry","missing-thumbnail"],"yoast_head":"<!-- This site is optimized with the Yoast SEO plugin v22.0 - https:\/\/yoast.com\/wordpress\/plugins\/seo\/ -->\n<title>Credits and acknowledgments &#8212; Regards du Grand Paris<\/title>\n<meta name=\"robots\" content=\"index, follow, max-snippet:-1, max-image-preview:large, max-video-preview:-1\" \/>\n<link rel=\"canonical\" href=\"https:\/\/regardsdugrandparis.fr\/en\/partenaires\/credits-et-remerciements\/\" \/>\n<meta property=\"og:locale\" content=\"en_US\" \/>\n<meta property=\"og:type\" content=\"article\" \/>\n<meta property=\"og:title\" content=\"Credits and acknowledgments &#8212; Regards du Grand Paris\" \/>\n<meta property=\"og:description\" content=\"\u00c9quipe curatorialePascal Beausse avec Ariane Tronel, Cl\u00e9ment Postec avec L\u00e9onore Chirol, Anna Labouze &amp; Keimis Henni avec Fanny Van Opstal et la collaboration de Damarice Amaro, Anne de Mondenard avec Alexandra Dreyfus PilotageCl\u00e9ment Postec et L\u00e9onore Chirol avec la collaboration de Julia Dartois, Dani\u00e8le Desideri, Jean-Dominique Secondi, Marc Vaudey Direction de production et techniqueAntoine Cochain [&hellip;]\" \/>\n<meta property=\"og:url\" content=\"https:\/\/regardsdugrandparis.fr\/en\/partenaires\/credits-et-remerciements\/\" \/>\n<meta property=\"og:site_name\" content=\"Regards du Grand Paris\" \/>\n<meta property=\"article:modified_time\" content=\"2022-06-29T08:25:28+00:00\" \/>\n<meta name=\"twitter:card\" content=\"summary_large_image\" \/>\n<script type=\"application\/ld+json\" class=\"yoast-schema-graph\">{\"@context\":\"https:\/\/schema.org\",\"@graph\":[{\"@type\":\"WebPage\",\"@id\":\"https:\/\/regardsdugrandparis.fr\/en\/partenaires\/credits-et-remerciements\/\",\"url\":\"https:\/\/regardsdugrandparis.fr\/en\/partenaires\/credits-et-remerciements\/\",\"name\":\"Credits and acknowledgments &#8212; Regards du Grand Paris\",\"isPartOf\":{\"@id\":\"https:\/\/regardsdugrandparis.fr\/en\/#website\"},\"datePublished\":\"2022-06-14T20:32:45+00:00\",\"dateModified\":\"2022-06-29T08:25:28+00:00\",\"breadcrumb\":{\"@id\":\"https:\/\/regardsdugrandparis.fr\/en\/partenaires\/credits-et-remerciements\/#breadcrumb\"},\"inLanguage\":\"en-US\",\"potentialAction\":[{\"@type\":\"ReadAction\",\"target\":[\"https:\/\/regardsdugrandparis.fr\/en\/partenaires\/credits-et-remerciements\/\"]}]},{\"@type\":\"BreadcrumbList\",\"@id\":\"https:\/\/regardsdugrandparis.fr\/en\/partenaires\/credits-et-remerciements\/#breadcrumb\",\"itemListElement\":[{\"@type\":\"ListItem\",\"position\":1,\"name\":\"Accueil\",\"item\":\"https:\/\/regardsdugrandparis.fr\/en\/home\/\"},{\"@type\":\"ListItem\",\"position\":2,\"name\":\"Partenaires\",\"item\":\"https:\/\/regardsdugrandparis.fr\/en\/partenaires\/\"},{\"@type\":\"ListItem\",\"position\":3,\"name\":\"Credits and acknowledgments\"}]},{\"@type\":\"WebSite\",\"@id\":\"https:\/\/regardsdugrandparis.fr\/en\/#website\",\"url\":\"https:\/\/regardsdugrandparis.fr\/en\/\",\"name\":\"Regards du Grand Paris\",\"description\":\"Du 24 juin au 23 octobre 2022\",\"potentialAction\":[{\"@type\":\"SearchAction\",\"target\":{\"@type\":\"EntryPoint\",\"urlTemplate\":\"https:\/\/regardsdugrandparis.fr\/en\/?s={search_term_string}\"},\"query-input\":\"required name=search_term_string\"}],\"inLanguage\":\"en-US\"}]}<\/script>\n<!-- \/ Yoast SEO plugin. -->","yoast_head_json":{"title":"Credits and acknowledgments &#8212; Regards du Grand Paris","robots":{"index":"index","follow":"follow","max-snippet":"max-snippet:-1","max-image-preview":"max-image-preview:large","max-video-preview":"max-video-preview:-1"},"canonical":"https:\/\/regardsdugrandparis.fr\/en\/partenaires\/credits-et-remerciements\/","og_locale":"en_US","og_type":"article","og_title":"Credits and acknowledgments &#8212; Regards du Grand Paris","og_description":"\u00c9quipe curatorialePascal Beausse avec Ariane Tronel, Cl\u00e9ment Postec avec L\u00e9onore Chirol, Anna Labouze &amp; Keimis Henni avec Fanny Van Opstal et la collaboration de Damarice Amaro, Anne de Mondenard avec Alexandra Dreyfus PilotageCl\u00e9ment Postec et L\u00e9onore Chirol avec la collaboration de Julia Dartois, Dani\u00e8le Desideri, Jean-Dominique Secondi, Marc Vaudey Direction de production et techniqueAntoine Cochain [&hellip;]","og_url":"https:\/\/regardsdugrandparis.fr\/en\/partenaires\/credits-et-remerciements\/","og_site_name":"Regards du Grand Paris","article_modified_time":"2022-06-29T08:25:28+00:00","twitter_card":"summary_large_image","schema":{"@context":"https:\/\/schema.org","@graph":[{"@type":"WebPage","@id":"https:\/\/regardsdugrandparis.fr\/en\/partenaires\/credits-et-remerciements\/","url":"https:\/\/regardsdugrandparis.fr\/en\/partenaires\/credits-et-remerciements\/","name":"Credits and acknowledgments &#8212; Regards du Grand Paris","isPartOf":{"@id":"https:\/\/regardsdugrandparis.fr\/en\/#website"},"datePublished":"2022-06-14T20:32:45+00:00","dateModified":"2022-06-29T08:25:28+00:00","breadcrumb":{"@id":"https:\/\/regardsdugrandparis.fr\/en\/partenaires\/credits-et-remerciements\/#breadcrumb"},"inLanguage":"en-US","potentialAction":[{"@type":"ReadAction","target":["https:\/\/regardsdugrandparis.fr\/en\/partenaires\/credits-et-remerciements\/"]}]},{"@type":"BreadcrumbList","@id":"https:\/\/regardsdugrandparis.fr\/en\/partenaires\/credits-et-remerciements\/#breadcrumb","itemListElement":[{"@type":"ListItem","position":1,"name":"Accueil","item":"https:\/\/regardsdugrandparis.fr\/en\/home\/"},{"@type":"ListItem","position":2,"name":"Partenaires","item":"https:\/\/regardsdugrandparis.fr\/en\/partenaires\/"},{"@type":"ListItem","position":3,"name":"Credits and acknowledgments"}]},{"@type":"WebSite","@id":"https:\/\/regardsdugrandparis.fr\/en\/#website","url":"https:\/\/regardsdugrandparis.fr\/en\/","name":"Regards du Grand Paris","description":"Du 24 juin au 23 octobre 2022","potentialAction":[{"@type":"SearchAction","target":{"@type":"EntryPoint","urlTemplate":"https:\/\/regardsdugrandparis.fr\/en\/?s={search_term_string}"},"query-input":"required name=search_term_string"}],"inLanguage":"en-US"}]}},"_links":{"self":[{"href":"https:\/\/regardsdugrandparis.fr\/en\/wp-json\/wp\/v2\/pages\/1288","targetHints":{"allow":["GET"]}}],"collection":[{"href":"https:\/\/regardsdugrandparis.fr\/en\/wp-json\/wp\/v2\/pages"}],"about":[{"href":"https:\/\/regardsdugrandparis.fr\/en\/wp-json\/wp\/v2\/types\/page"}],"author":[{"embeddable":true,"href":"https:\/\/regardsdugrandparis.fr\/en\/wp-json\/wp\/v2\/users\/3"}],"replies":[{"embeddable":true,"href":"https:\/\/regardsdugrandparis.fr\/en\/wp-json\/wp\/v2\/comments?post=1288"}],"version-history":[{"count":1,"href":"https:\/\/regardsdugrandparis.fr\/en\/wp-json\/wp\/v2\/pages\/1288\/revisions"}],"predecessor-version":[{"id":1289,"href":"https:\/\/regardsdugrandparis.fr\/en\/wp-json\/wp\/v2\/pages\/1288\/revisions\/1289"}],"up":[{"embeddable":true,"href":"https:\/\/regardsdugrandparis.fr\/en\/wp-json\/wp\/v2\/pages\/1287"}],"wp:attachment":[{"href":"https:\/\/regardsdugrandparis.fr\/en\/wp-json\/wp\/v2\/media?parent=1288"}],"curies":[{"name":"wp","href":"https:\/\/api.w.org\/{rel}","templated":true}]}}